{"id":106,"date":"2015-04-11T00:23:57","date_gmt":"2015-04-10T23:23:57","guid":{"rendered":"http:\/\/efgarquitectura.es\/wppam\/?page_id=106"},"modified":"2015-06-03T06:54:08","modified_gmt":"2015-06-03T05:54:08","slug":"noticias-2","status":"publish","type":"page","link":"http:\/\/efgarquitectura.es\/wppam\/?page_id=106","title":{"rendered":"Actividad"},"content":{"rendered":"<p class=\"paragraph_style_11\">En preparaci\u00f3n:<\/p>\n<h3 class=\"paragraph_style_11\">PAM \/ Nueva petici\u00f3n Ayuntamiento<\/h3>\n<h3>PIM_SGV Propuesta Inmediata de Mejora S\u00faper Gran V\u00eda<\/h3>\n<p class=\"paragraph_style_11\">Hist\u00f3rico:<\/p>\n<p class=\"paragraph_style_11\">150523 Puedes descargar la <a href=\"https:\/\/www.copy.com\/s\/XNiR2zT6tMzyUgW8\" target=\"_blank\">Hoja de firmas<\/a>. Entregable en el buz\u00f3n de Cirilo Amor\u00f3s, 29<\/p>\n<h4 class=\"paragraph_style_11\">150522 PAM10 \/ PAM_PIHE_TEST Escala 1:1<\/h4>\n<p class=\"paragraph_style_11\">Con Escala 1:1 \u00a0dibujamos el uso de la Plaza Pizarro a escala real, introduciendo el ensayo de actividades como forma previa de chequeo de las cualidades espaciales. Para ello necesitamos la colaboraci\u00f3n de todos los que crean que merece la pena.<\/p>\n<p class=\"paragraph_style_11\"><em>Actividad con la colaboraci\u00f3n de AAVV RGV \/ Asociaci\u00f3 de Ve\u00efns Russafa-Gran V\u00eda<\/em><\/p>\n<p class=\"paragraph_style_11\">150520 Permiso municipal (a 53h del inicio). Iniciando preparaci\u00f3n actividades<\/p>\n<p class=\"paragraph_style_11\">150516\/17\/18 PAM10 Reuni\u00f3n de Coordinaci\u00f3n actividades (v\u00eda: pampihe@gmail.com)<\/p>\n<p class=\"paragraph_style_11\">150517 PAM_EXTENDED<\/p>\n<p class=\"paragraph_style_11\">150515 Iniciado el <a href=\"http:\/\/efgarquitectura.es\/Hithere\/Welcome.html\" target=\"_blank\">PAM_SGV S\u00faperGranV\u00eda<\/a><\/p>\n<p class=\"paragraph_style_11\">150508 Confirmaci\u00f3n de Informes Favorables al PAM10 Escala 1:1<\/p>\n<p class=\"paragraph_style_11\">150421 Respuesta Informe municipal sobre la &#8220;compatibilidad&#8221; del PMUS y las obras<\/p>\n<p class=\"paragraph_style_11\">150421 Solitictado autorizaci\u00f3n para realizar el PAM_TEST<\/p>\n<p class=\"paragraph_style_11\">150421 Solicitud de aclaraciones al CTAV<\/p>\n<p class=\"paragraph_style_11\">150417 Reunion PAM_TEST E1:1 19:00\/20:00h<\/p>\n<p class=\"paragraph_style_11\">150409 Informe municipal parcial sobre la &#8220;compatibilidad&#8221; del PMUS y las obras previstas<\/p>\n<p class=\"paragraph_style_11\">150408 Respuesta de la Junta del CTAV a la solicitud de apoyo<\/p>\n<p class=\"paragraph_style_11\"><span class=\"style_4\">150330 Presentaci\u00f3n al Ayuntamiento de los resultados<br \/>\n<\/span><\/p>\n<p class=\"paragraph_style_12\"><span class=\"style_4\">150327 Verificaci\u00f3n de resultados con los participantes<br \/>\n<\/span><\/p>\n<p class=\"paragraph_style_12\"><span class=\"style_4\">150313 <\/span><span class=\"style_6\">100<\/span><span class=\"style_4\"> firmas recibidas de vecinos, comerciantes y paseantes.<br \/>\n<\/span><\/p>\n<p class=\"paragraph_style_12\"><span class=\"style_4\">150313 Solicitud a los colegios profesionales de\u00a0 pronunciamiento sobre la PAM<br \/>\n<\/span><\/p>\n<p class=\"paragraph_style_12\"><span class=\"style_4\">150311 Iniciada digitalizaci\u00f3n encuestas a mano<br \/>\n<\/span><\/p>\n<p class=\"paragraph_style_12\"><span class=\"style_4\">150310 Prorrogado hasta el domingo 15 de marzo el plazo para la encuesta digital.<br \/>\n<\/span><\/p>\n<p class=\"paragraph_style_12\"><span class=\"style_4\">150309 <\/span><a class=\"style_4\" title=\"https:\/\/copy.com\/V8XyKuUUYJuBaVG0\" href=\"https:\/\/copy.com\/V8XyKuUUYJuBaVG0\">Contestaci\u00f3n<\/a><span class=\"style_4\"> al escrito del Ayuntamiento al contener juicios de valor sin aportar justificaci\u00f3n t\u00e9cnica.<br \/>\n<\/span><\/p>\n<p class=\"paragraph_style_12\"><span class=\"style_4\">150306 <\/span><a class=\"style_4\" title=\"https:\/\/copy.com\/AAzvM0ap73fh2zpI\" href=\"https:\/\/copy.com\/AAzvM0ap73fh2zpI\">Escrito<\/a><span class=\"style_4\"> del Ayto. del servicio de tr\u00e1fico respecto la PAM<\/span><\/p>\n","protected":false},"excerpt":{"rendered":"<p>En preparaci\u00f3n: PAM \/ Nueva petici\u00f3n Ayuntamiento PIM_SGV Propuesta Inmediata de Mejora S\u00faper Gran V\u00eda Hist\u00f3rico: 150523 Puedes descargar la Hoja de firmas. Entregable en el buz\u00f3n de Cirilo Amor\u00f3s, 29 150522 PAM10 \/ PAM_PIHE_TEST Escala 1:1 Con Escala 1:1 \u00a0dibujamos el uso de la Plaza Pizarro a escala real, introduciendo el ensayo de actividades [&hellip;]<\/p>\n","protected":false},"author":1,"featured_media":0,"parent":0,"menu_order":0,"comment_status":"open","ping_status":"open","template":"","meta":{"spay_email":""},"jetpack_sharing_enabled":true,"jetpack_shortlink":"https:\/\/wp.me\/P5P7xf-1I","_links":{"self":[{"href":"http:\/\/efgarquitectura.es\/wppam\/index.php?rest_route=\/wp\/v2\/pages\/106"}],"collection":[{"href":"http:\/\/efgarquitectura.es\/wppam\/index.php?rest_route=\/wp\/v2\/pages"}],"about":[{"href":"http:\/\/efgarquitectura.es\/wppam\/index.php?rest_route=\/wp\/v2\/types\/page"}],"author":[{"embeddable":true,"href":"http:\/\/efgarquitectura.es\/wppam\/index.php?rest_route=\/wp\/v2\/users\/1"}],"replies":[{"embeddable":true,"href":"http:\/\/efgarquitectura.es\/wppam\/index.php?rest_route=%2Fwp%2Fv2%2Fcomments&post=106"}],"version-history":[{"count":12,"href":"http:\/\/efgarquitectura.es\/wppam\/index.php?rest_route=\/wp\/v2\/pages\/106\/revisions"}],"predecessor-version":[{"id":256,"href":"http:\/\/efgarquitectura.es\/wppam\/index.php?rest_route=\/wp\/v2\/pages\/106\/revisions\/256"}],"wp:attachment":[{"href":"http:\/\/efgarquitectura.es\/wppam\/index.php?rest_route=%2Fwp%2Fv2%2Fmedia&parent=106"}],"curies":[{"name":"wp","href":"https:\/\/api.w.org\/{rel}","templated":true}]}}