{"id":11,"date":"2015-03-13T02:52:21","date_gmt":"2015-03-13T01:52:21","guid":{"rendered":"http:\/\/efgarquitectura.es\/wppam\/?page_id=11"},"modified":"2015-11-22T02:11:05","modified_gmt":"2015-11-22T01:11:05","slug":"pam","status":"publish","type":"page","link":"http:\/\/efgarquitectura.es\/wppam\/","title":{"rendered":"PAM"},"content":{"rendered":"<div id=\"pl-11\"  class=\"panel-layout\" ><div id=\"pg-11-0\"  class=\"panel-grid panel-no-style\" ><div id=\"pgc-11-0-0\"  class=\"panel-grid-cell\" ><div id=\"panel-11-0-0-0\" class=\"so-panel widget widget_circleicon-widget panel-first-child panel-last-child\" data-index=\"0\" >\t\t<div class=\"circle-icon-box circle-icon-position-top circle-icon-hide-box circle-icon-size-small \">\n\t\t\t\t\t\t\t<div class=\"circle-icon-wrapper\">\n\t\t\t\t\t\t\t\t\t\t<div class=\"circle-icon\" >\n\t\t\t\t\t\t\t\t\t\t\t\t\t<div class=\"fa fa-exclamation-triangle\" ><\/div>\n\t\t\t\t\t\t\t\t\t\t\t<\/div> \n\t\t\t\t\t\t\t\t\t<\/div>\n\t\t\t\n\t\t\t\t\t\t\t\t\t\t<h4 >\n\t\t\t\t\tIntroducci\u00f3n\t\t\t\t<\/h4>\n\t\t\t\t\t\t\n\t\t\t\t\t\t\t<p class=\"text\" >En 2014 el Ayuntamiento de Val\u00e8ncia defini\u00f3 las obras de infraestructuras de dos calles del ensanche hist\u00f3rico, evitando as\u00ed la preceptiva participaci\u00f3n p\u00fablica, algunos vecinos nos propusieron hacer algo al respecto, y as\u00ed ideamos la PAM. Una propuesta capaz de alumbrar posibilidades inimaginadas por los t\u00e9cnicos municipales cuyo proyecto no trascend\u00eda la actualizaci\u00f3n de la secci\u00f3n viaria concebida para el autom\u00f3vil. \u00bfplaza o cruce?<\/p>\n\t\t\t\t\t\t\t\t\t\t<a href=\"http:\/\/efgarquitectura.es\/wppam\/?page_id=69\" class=\"more-button\" >La PAM_PIHE <i><\/i><\/a>\n\t\t\t\t\t<\/div>\n\t\t<\/div><\/div><div id=\"pgc-11-0-1\"  class=\"panel-grid-cell\" ><div id=\"panel-11-0-1-0\" class=\"so-panel widget widget_circleicon-widget panel-first-child panel-last-child\" data-index=\"1\" >\t\t<div class=\"circle-icon-box circle-icon-position-top circle-icon-hide-box circle-icon-size-small \">\n\t\t\t\t\t\t\t<div class=\"circle-icon-wrapper\">\n\t\t\t\t\t\t\t\t\t\t<div class=\"circle-icon icon-style-set\" style=\"background-color: #FF0000\">\n\t\t\t\t\t\t\t\t\t\t\t\t\t<div class=\"fa fa-car\" ><\/div>\n\t\t\t\t\t\t\t\t\t\t\t<\/div> \n\t\t\t\t\t\t\t\t\t<\/div>\n\t\t\t\n\t\t\t\t\t\t\t\t\t\t<h4 >\n\t\t\t\t\tEl Proyecto Municipal\t\t\t\t<\/h4>\n\t\t\t\t\t\t\n\t\t\t\t\t\t\t<p class=\"text\" >En lugar de realizar un Plan que contemple el Pla del Remei como un barrio y trabajar de forma conjunta sus problemas, la administraci\u00f3n local se limita a actuar calle a calle sin aceptar las directrices del Plan de Movilidad Sostenible aprobado en 2013.  Y lo hace sin informaci\u00f3n p\u00fablica (nos enteramos por la prensa) y sin preguntar a los que vivimos, trabajamos o pasamos por aqu\u00ed.<\/p>\n\t\t\t\t\t\t\t\t\t\t<a href=\"#\" class=\"more-button\" >&quot;renovaci\u00f3n de infraestructuras&quot; <i><\/i><\/a>\n\t\t\t\t\t<\/div>\n\t\t<\/div><\/div><div id=\"pgc-11-0-2\"  class=\"panel-grid-cell\" ><div id=\"panel-11-0-2-0\" class=\"so-panel widget widget_circleicon-widget panel-first-child panel-last-child\" data-index=\"2\" >\t\t<div class=\"circle-icon-box circle-icon-position-top circle-icon-hide-box circle-icon-size-small \">\n\t\t\t\t\t\t\t<div class=\"circle-icon-wrapper\">\n\t\t\t\t\t\t\t\t\t\t<div class=\"circle-icon icon-style-set\" style=\"background-color: #66DE38\">\n\t\t\t\t\t\t\t\t\t\t\t\t\t<div class=\"fa fa-user\" ><\/div>\n\t\t\t\t\t\t\t\t\t\t\t<\/div> \n\t\t\t\t\t\t\t\t\t<\/div>\n\t\t\t\n\t\t\t\t\t\t\t\t\t\t<h4 >\n\t\t\t\t\t\u00bfqu\u00e9 podemos hacer los ciudadanos?\t\t\t\t<\/h4>\n\t\t\t\t\t\t\n\t\t\t\t\t\t\t<p class=\"text\" >Exigir a la administraci\u00f3n local que nos trate con respeto y consideraci\u00f3n, puesto que somos los administrados, quienes pagando impuestos sostienen a decisores pol\u00edticos y t\u00e9cnicos. Aplaudimos que exista la intenci\u00f3n y el presupuesto consignado para la intervenci\u00f3n, pero \u00e9sta debe aceptar los retos de la ciudad del siglo XXI, no resolver un problema de tr\u00e1fico como suced\u00eda el pasado siglo. Emplear el dinero p\u00fablico de forma inteligente, hemos esperado 30 a\u00f1os ha que se den cuenta de que las aceras eran estrechas, podemos esperar unos meses m\u00e1s para que el proyecto merezca la pena, y nos incluya a todos los ciudadanos.<\/p>\n\t\t\t\t\t\t\t\t\t\t<a href=\"#\" class=\"more-button\" >Que suba el nivel <i><\/i><\/a>\n\t\t\t\t\t<\/div>\n\t\t<\/div><\/div><\/div><div id=\"pg-11-1\"  class=\"panel-grid panel-has-style\" ><div class=\"wide-grey panel-row-style panel-row-style-for-11-1\" ><div id=\"pgc-11-1-0\"  class=\"panel-grid-cell panel-grid-cell-empty\" ><\/div><\/div><\/div><div id=\"pg-11-2\"  class=\"panel-grid panel-no-style\" ><div id=\"pgc-11-2-0\"  class=\"panel-grid-cell panel-grid-cell-mobile-last\" ><div id=\"panel-11-2-0-0\" class=\"so-panel widget widget_text panel-first-child panel-last-child\" data-index=\"3\" >\t\t\t<div class=\"textwidget\"><\/div>\n\t\t<\/div><\/div><div id=\"pgc-11-2-1\"  class=\"panel-grid-cell panel-grid-cell-empty\" ><\/div><\/div><\/div>","protected":false},"excerpt":{"rendered":"<p>Introducci\u00f3n En 2014 el Ayuntamiento de Val\u00e8ncia defini\u00f3 las obras de infraestructuras de dos calles del ensanche hist\u00f3rico, evitando as\u00ed la preceptiva participaci\u00f3n p\u00fablica, algunos vecinos nos propusieron hacer algo al respecto, y as\u00ed ideamos la PAM. Una propuesta capaz de alumbrar posibilidades inimaginadas por los t\u00e9cnicos municipales cuyo proyecto no trascend\u00eda la actualizaci\u00f3n de [&hellip;]<\/p>\n","protected":false},"author":1,"featured_media":52,"parent":0,"menu_order":0,"comment_status":"closed","ping_status":"closed","template":"home-panels.php","meta":{"spay_email":""},"jetpack_sharing_enabled":true,"jetpack_shortlink":"https:\/\/wp.me\/P5P7xf-b","_links":{"self":[{"href":"http:\/\/efgarquitectura.es\/wppam\/index.php?rest_route=\/wp\/v2\/pages\/11"}],"collection":[{"href":"http:\/\/efgarquitectura.es\/wppam\/index.php?rest_route=\/wp\/v2\/pages"}],"about":[{"href":"http:\/\/efgarquitectura.es\/wppam\/index.php?rest_route=\/wp\/v2\/types\/page"}],"author":[{"embeddable":true,"href":"http:\/\/efgarquitectura.es\/wppam\/index.php?rest_route=\/wp\/v2\/users\/1"}],"replies":[{"embeddable":true,"href":"http:\/\/efgarquitectura.es\/wppam\/index.php?rest_route=%2Fwp%2Fv2%2Fcomments&post=11"}],"version-history":[{"count":17,"href":"http:\/\/efgarquitectura.es\/wppam\/index.php?rest_route=\/wp\/v2\/pages\/11\/revisions"}],"predecessor-version":[{"id":393,"href":"http:\/\/efgarquitectura.es\/wppam\/index.php?rest_route=\/wp\/v2\/pages\/11\/revisions\/393"}],"wp:featuredmedia":[{"embeddable":true,"href":"http:\/\/efgarquitectura.es\/wppam\/index.php?rest_route=\/wp\/v2\/media\/52"}],"wp:attachment":[{"href":"http:\/\/efgarquitectura.es\/wppam\/index.php?rest_route=%2Fwp%2Fv2%2Fmedia&parent=11"}],"curies":[{"name":"wp","href":"https:\/\/api.w.org\/{rel}","templated":true}]}}