{"id":342,"date":"2015-06-13T00:10:20","date_gmt":"2015-06-12T23:10:20","guid":{"rendered":"http:\/\/efgarquitectura.es\/wppam\/?page_id=342"},"modified":"2015-07-05T23:20:19","modified_gmt":"2015-07-05T22:20:19","slug":"blog","status":"publish","type":"page","link":"http:\/\/efgarquitectura.es\/wppam\/?page_id=342","title":{"rendered":"Blog"},"content":{"rendered":"<div id=\"pl-342\"  class=\"panel-layout\" ><div id=\"pg-342-0\"  class=\"panel-grid panel-no-style\" ><div id=\"pgc-342-0-0\"  class=\"panel-grid-cell\" ><div id=\"panel-342-0-0-0\" class=\"so-panel widget widget_black-studio-tinymce widget_black_studio_tinymce panel-first-child\" data-index=\"0\" ><div class=\"textwidget\"><p>En el blog se recoge nuestra actividad en forma de entradas, convocatorias, conclusiones, acciones, an\u00e1lisis y referencias. Poco a poco se ir\u00e1 construyendo, puedes participar en \u00e9l mediante comentarios o colaborando activamente.<\/p>\n<p>Esperemos que sea de utilidad e inter\u00e9s.<\/p>\n<p>EFGarquitectura &amp; Equipo_PAM<\/p>\n<\/div><\/div><div id=\"panel-342-0-0-1\" class=\"so-panel widget widget_siteorigin-panels-postloop panel-last-child\" data-index=\"1\" >\n\n\t\t\n\t\t\n<article id=\"post-211\" class=\"post-211 post type-post status-publish format-standard has-post-thumbnail hentry category-accion-urbana category-actividad category-convocatoria category-convocatoria-vencida category-participacion-ciudadana tag-calle tag-comando-urbano tag-espacio-publico tag-participacion-vecinos tag-pizarro tag-plaza tag-recreacion tag-recuperacion tag-tiza post-with-thumbnail post-with-thumbnail-large\">\n\n\t\n\t<div class=\"entry-main\">\n\n\t\t\n\t\t<header class=\"entry-header\">\n\t\t\t\t\t\t\t<div class=\"entry-thumbnail\">\n\t\t\t\t\t<a href=\"http:\/\/efgarquitectura.es\/wppam\/?p=211\"><img width=\"432\" height=\"370\" src=\"https:\/\/i2.wp.com\/efgarquitectura.es\/wppam\/wp-content\/uploads\/2015\/07\/IMG_PAMTEST_10-1-manopintada_Prensa_rid.jpg?resize=432%2C370\" class=\"attachment-post-thumbnail size-post-thumbnail wp-post-image\" alt=\"\" loading=\"lazy\" srcset=\"https:\/\/i2.wp.com\/efgarquitectura.es\/wppam\/wp-content\/uploads\/2015\/07\/IMG_PAMTEST_10-1-manopintada_Prensa_rid.jpg?w=432 432w, https:\/\/i2.wp.com\/efgarquitectura.es\/wppam\/wp-content\/uploads\/2015\/07\/IMG_PAMTEST_10-1-manopintada_Prensa_rid.jpg?resize=150%2C128 150w, https:\/\/i2.wp.com\/efgarquitectura.es\/wppam\/wp-content\/uploads\/2015\/07\/IMG_PAMTEST_10-1-manopintada_Prensa_rid.jpg?resize=300%2C257 300w\" sizes=\"(max-width: 432px) 100vw, 432px\" data-attachment-id=\"387\" data-permalink=\"http:\/\/efgarquitectura.es\/wppam\/?attachment_id=387\" data-orig-file=\"https:\/\/i2.wp.com\/efgarquitectura.es\/wppam\/wp-content\/uploads\/2015\/07\/IMG_PAMTEST_10-1-manopintada_Prensa_rid.jpg?fit=432%2C370\" data-orig-size=\"432,370\" data-comments-opened=\"1\" data-image-meta=\"{&quot;aperture&quot;:&quot;0&quot;,&quot;credit&quot;:&quot;&quot;,&quot;camera&quot;:&quot;&quot;,&quot;caption&quot;:&quot;&quot;,&quot;created_timestamp&quot;:&quot;1431256234&quot;,&quot;copyright&quot;:&quot;&quot;,&quot;focal_length&quot;:&quot;0&quot;,&quot;iso&quot;:&quot;0&quot;,&quot;shutter_speed&quot;:&quot;0&quot;,&quot;title&quot;:&quot;&quot;,&quot;orientation&quot;:&quot;1&quot;}\" data-image-title=\"IMG_PAMTEST_10-1 manopintada_Prensa_rid\" data-image-description=\"\" data-medium-file=\"https:\/\/i2.wp.com\/efgarquitectura.es\/wppam\/wp-content\/uploads\/2015\/07\/IMG_PAMTEST_10-1-manopintada_Prensa_rid.jpg?fit=300%2C257\" data-large-file=\"https:\/\/i2.wp.com\/efgarquitectura.es\/wppam\/wp-content\/uploads\/2015\/07\/IMG_PAMTEST_10-1-manopintada_Prensa_rid.jpg?fit=432%2C370\" \/><\/a>\n\t\t\t\t<\/div>\n\t\t\t\n\t\t\t<h1 class=\"entry-title\"><a href=\"http:\/\/efgarquitectura.es\/wppam\/?p=211\" title=\"Permalink to PAM10 Dibuja la PlazaPizarro\" rel=\"bookmark\">PAM10 Dibuja la PlazaPizarro<\/a><\/h1>\n\n\t\t\t\t\t\t\t<div class=\"entry-meta\">\n\t\t\t\t\tPosted on <a href=\"http:\/\/efgarquitectura.es\/wppam\/?p=211\" title=\"15:17\" rel=\"bookmark\"><time class=\"entry-date\" datetime=\"2015-05-16T15:17:39+01:00\">2015-05-16<\/time><\/a><time class=\"updated\" datetime=\"2015-07-05T23:15:41+01:00\">2015-07-05<\/time> <span class=\"byline\"> by <span class=\"author vcard\"><a class=\"url fn n\" href=\"http:\/\/efgarquitectura.es\/wppam\/?author=1\" title=\"View all posts by equipo.efg\" rel=\"author\">equipo.efg<\/a><\/span><\/span> \t\t\t\t<\/div><!-- .entry-meta -->\n\t\t\t\n\t\t<\/header><!-- .entry-header -->\n\n\t\t\t\t\t<div class=\"entry-content\">\n\t\t\t\t<p>PAM10 &nbsp; El pr\u00f3ximo viernes 22 de mayo de 2015, entre las 14:00 y las 24:00h, estaremos Dibujando la Plaza Pizarro, sin pintura (con tiza) durante 10h las actividades propias del espacio p\u00fablico permitir\u00e1n evaluar la plaza propuesta por La PAM. 14:00 CORTE DE LAS CALLES. PLAZA PEATONAL 14:00 \/ 16:00 REPLANTEO LINEAS Y BANCOS. [&hellip;]<\/p>\n\t\t\t\t\t\t\t\t\t\t\t\t\t\t\t<\/div><!-- .entry-content -->\n\t\t\n\t\t\n\t<\/div>\n\n<\/article><!-- #post-211 -->\n\n\t\n\t\t\n<article id=\"post-147\" class=\"post-147 post type-post status-publish format-standard has-post-thumbnail hentry category-actividad category-convocatoria category-convocatoria-vencida category-participacion-ciudadana tag-calle tag-espacio-publico tag-participacion-vecinos tag-pizarro tag-plaza tag-taller post-with-thumbnail post-with-thumbnail-large\">\n\n\t\n\t<div class=\"entry-main\">\n\n\t\t\n\t\t<header class=\"entry-header\">\n\t\t\t\t\t\t\t<div class=\"entry-thumbnail\">\n\t\t\t\t\t<a href=\"http:\/\/efgarquitectura.es\/wppam\/?p=147\"><img width=\"493\" height=\"370\" src=\"https:\/\/i2.wp.com\/efgarquitectura.es\/wppam\/wp-content\/uploads\/2015\/07\/IMG_0225rid.jpg?resize=493%2C370\" class=\"attachment-post-thumbnail size-post-thumbnail wp-post-image\" alt=\"\" loading=\"lazy\" srcset=\"https:\/\/i2.wp.com\/efgarquitectura.es\/wppam\/wp-content\/uploads\/2015\/07\/IMG_0225rid.jpg?w=493 493w, https:\/\/i2.wp.com\/efgarquitectura.es\/wppam\/wp-content\/uploads\/2015\/07\/IMG_0225rid.jpg?resize=150%2C113 150w, https:\/\/i2.wp.com\/efgarquitectura.es\/wppam\/wp-content\/uploads\/2015\/07\/IMG_0225rid.jpg?resize=300%2C225 300w\" sizes=\"(max-width: 493px) 100vw, 493px\" data-attachment-id=\"386\" data-permalink=\"http:\/\/efgarquitectura.es\/wppam\/?attachment_id=386\" data-orig-file=\"https:\/\/i2.wp.com\/efgarquitectura.es\/wppam\/wp-content\/uploads\/2015\/07\/IMG_0225rid.jpg?fit=493%2C370\" data-orig-size=\"493,370\" data-comments-opened=\"1\" data-image-meta=\"{&quot;aperture&quot;:&quot;2.2&quot;,&quot;credit&quot;:&quot;&quot;,&quot;camera&quot;:&quot;&quot;,&quot;caption&quot;:&quot;&quot;,&quot;created_timestamp&quot;:&quot;0&quot;,&quot;copyright&quot;:&quot;&quot;,&quot;focal_length&quot;:&quot;4.15&quot;,&quot;iso&quot;:&quot;64&quot;,&quot;shutter_speed&quot;:&quot;0.25&quot;,&quot;title&quot;:&quot;&quot;,&quot;orientation&quot;:&quot;1&quot;}\" data-image-title=\"IMG_0225rid\" data-image-description=\"\" data-medium-file=\"https:\/\/i2.wp.com\/efgarquitectura.es\/wppam\/wp-content\/uploads\/2015\/07\/IMG_0225rid.jpg?fit=300%2C225\" data-large-file=\"https:\/\/i2.wp.com\/efgarquitectura.es\/wppam\/wp-content\/uploads\/2015\/07\/IMG_0225rid.jpg?fit=493%2C370\" \/><\/a>\n\t\t\t\t<\/div>\n\t\t\t\n\t\t\t<h1 class=\"entry-title\"><a href=\"http:\/\/efgarquitectura.es\/wppam\/?p=147\" title=\"Permalink to PAM_PIHE_TEST ESCALA 1:1\" rel=\"bookmark\">PAM_PIHE_TEST ESCALA 1:1<\/a><\/h1>\n\n\t\t\t\t\t\t\t<div class=\"entry-meta\">\n\t\t\t\t\tPosted on <a href=\"http:\/\/efgarquitectura.es\/wppam\/?p=147\" title=\"23:25\" rel=\"bookmark\"><time class=\"entry-date\" datetime=\"2015-04-12T23:25:57+01:00\">2015-04-12<\/time><\/a><time class=\"updated\" datetime=\"2015-07-05T23:17:05+01:00\">2015-07-05<\/time> <span class=\"byline\"> by <span class=\"author vcard\"><a class=\"url fn n\" href=\"http:\/\/efgarquitectura.es\/wppam\/?author=1\" title=\"View all posts by equipo.efg\" rel=\"author\">equipo.efg<\/a><\/span><\/span> \t\t\t\t<\/div><!-- .entry-meta -->\n\t\t\t\n\t\t<\/header><!-- .entry-header -->\n\n\t\t\t\t\t<div class=\"entry-content\">\n\t\t\t\t<p>Proponemos dibujar la Plaza a escala 1:1, es decir, a escala real. Y as\u00ed sabremos lo que nos perdemos&#8230; Celebramos la materializaci\u00f3n de un espacio p\u00fablico de formato eventual, proponemos cortar el tr\u00e1fico (autorizaci\u00f3n mediante) ocupar el cruce actual, dibujar con tiza los l\u00edmites espaciales de la plaza, invitar a todos los que quieran venir, [&hellip;]<\/p>\n\t\t\t\t\t\t\t\t\t\t\t\t\t\t\t<\/div><!-- .entry-content -->\n\t\t\n\t\t\n\t<\/div>\n\n<\/article><!-- #post-147 -->\n\n\t\n\t\n<\/div><\/div><div id=\"pgc-342-0-1\"  class=\"panel-grid-cell\" >\n\t\t<div id=\"panel-342-0-1-0\" class=\"so-panel widget widget_recent-posts widget_recent_entries panel-first-child\" data-index=\"2\" >\n\t\t<h3 class=\"widget-title\">Recent Posts<\/h3>\n\t\t<ul>\n\t\t\t\t\t\t\t\t\t\t\t<li>\n\t\t\t\t\t<a href=\"http:\/\/efgarquitectura.es\/wppam\/?p=211\">PAM10 Dibuja la PlazaPizarro<\/a>\n\t\t\t\t\t\t\t\t\t<\/li>\n\t\t\t\t\t\t\t\t\t\t\t<li>\n\t\t\t\t\t<a href=\"http:\/\/efgarquitectura.es\/wppam\/?p=147\">PAM_PIHE_TEST ESCALA 1:1<\/a>\n\t\t\t\t\t\t\t\t\t<\/li>\n\t\t\t\t\t<\/ul>\n\n\t\t<\/div><div id=\"panel-342-0-1-1\" class=\"so-panel widget widget_top-posts\" data-index=\"3\" ><h3 class=\"widget-title\">Top Posts &amp; Pages<\/h3><ul>\t\t\t\t<li>\n\t\t\t\t\t<a href=\"http:\/\/efgarquitectura.es\/wppam\/?page_id=354\" class=\"bump-view\" data-bump-view=\"tp\">Descargas \/ Downloads<\/a>\t\t\t\t\t<\/li>\n\t\t\t\t\t\t\t\t<li>\n\t\t\t\t\t<a href=\"http:\/\/efgarquitectura.es\/wppam\/?page_id=342\" class=\"bump-view\" data-bump-view=\"tp\">Blog<\/a>\t\t\t\t\t<\/li>\n\t\t\t\t\t\t\t\t<li>\n\t\t\t\t\t<a href=\"http:\/\/efgarquitectura.es\/wppam\/?page_id=257\" class=\"bump-view\" data-bump-view=\"tp\">Difusi\u00f3n<\/a>\t\t\t\t\t<\/li>\n\t\t\t\t\t\t\t\t<li>\n\t\t\t\t\t<a href=\"http:\/\/efgarquitectura.es\/wppam\/?page_id=225\" class=\"bump-view\" data-bump-view=\"tp\">Welcome Plaza Pizarro -English-<\/a>\t\t\t\t\t<\/li>\n\t\t\t\t\t\t\t\t<li>\n\t\t\t\t\t<a href=\"http:\/\/efgarquitectura.es\/wppam\/?p=211\" class=\"bump-view\" data-bump-view=\"tp\">PAM10 Dibuja la PlazaPizarro<\/a>\t\t\t\t\t<\/li>\n\t\t\t\t\t\t\t\t<li>\n\t\t\t\t\t<a href=\"http:\/\/efgarquitectura.es\/wppam\/?p=147\" class=\"bump-view\" data-bump-view=\"tp\">PAM_PIHE_TEST ESCALA 1:1<\/a>\t\t\t\t\t<\/li>\n\t\t\t\t\t\t\t\t<li>\n\t\t\t\t\t<a href=\"http:\/\/efgarquitectura.es\/wppam\/?page_id=106\" class=\"bump-view\" data-bump-view=\"tp\">Actividad<\/a>\t\t\t\t\t<\/li>\n\t\t\t\t\t\t\t\t<li>\n\t\t\t\t\t<a href=\"http:\/\/efgarquitectura.es\/wppam\/?page_id=69\" class=\"bump-view\" data-bump-view=\"tp\">La PAM_PIHE<\/a>\t\t\t\t\t<\/li>\n\t\t\t\t\t\t\t\t<li>\n\t\t\t\t\t<a href=\"http:\/\/efgarquitectura.es\/wppam\/\" class=\"bump-view\" data-bump-view=\"tp\">PAM<\/a>\t\t\t\t\t<\/li>\n\t\t\t\t<\/ul><\/div><div id=\"panel-342-0-1-2\" class=\"so-panel widget widget_archives widget_archive\" data-index=\"4\" ><h3 class=\"widget-title\">Archives<\/h3>\n\t\t\t<ul>\n\t\t\t\t\t<li><a href='http:\/\/efgarquitectura.es\/wppam\/?m=201505'>May 2015<\/a><\/li>\n\t<li><a href='http:\/\/efgarquitectura.es\/wppam\/?m=201504'>April 2015<\/a><\/li>\n\t\t\t<\/ul>\n\n\t\t\t<\/div><div id=\"panel-342-0-1-3\" class=\"so-panel widget widget_calendar\" data-index=\"5\" ><div id=\"calendar_wrap\" class=\"calendar_wrap\"><table id=\"wp-calendar\" class=\"wp-calendar-table\">\n\t<caption>April 2026<\/caption>\n\t<thead>\n\t<tr>\n\t\t<th scope=\"col\" title=\"Monday\">M<\/th>\n\t\t<th scope=\"col\" title=\"Tuesday\">T<\/th>\n\t\t<th scope=\"col\" title=\"Wednesday\">W<\/th>\n\t\t<th scope=\"col\" title=\"Thursday\">T<\/th>\n\t\t<th scope=\"col\" title=\"Friday\">F<\/th>\n\t\t<th scope=\"col\" title=\"Saturday\">S<\/th>\n\t\t<th scope=\"col\" title=\"Sunday\">S<\/th>\n\t<\/tr>\n\t<\/thead>\n\t<tbody>\n\t<tr>\n\t\t<td colspan=\"2\" class=\"pad\">&nbsp;<\/td><td>1<\/td><td>2<\/td><td>3<\/td><td>4<\/td><td>5<\/td>\n\t<\/tr>\n\t<tr>\n\t\t<td>6<\/td><td>7<\/td><td>8<\/td><td>9<\/td><td>10<\/td><td>11<\/td><td>12<\/td>\n\t<\/tr>\n\t<tr>\n\t\t<td>13<\/td><td>14<\/td><td>15<\/td><td>16<\/td><td>17<\/td><td>18<\/td><td>19<\/td>\n\t<\/tr>\n\t<tr>\n\t\t<td>20<\/td><td id=\"today\">21<\/td><td>22<\/td><td>23<\/td><td>24<\/td><td>25<\/td><td>26<\/td>\n\t<\/tr>\n\t<tr>\n\t\t<td>27<\/td><td>28<\/td><td>29<\/td><td>30<\/td>\n\t\t<td class=\"pad\" colspan=\"3\">&nbsp;<\/td>\n\t<\/tr>\n\t<\/tbody>\n\t<\/table><nav aria-label=\"Previous and next months\" class=\"wp-calendar-nav\">\n\t\t<span class=\"wp-calendar-nav-prev\"><a href=\"http:\/\/efgarquitectura.es\/wppam\/?m=201505\">&laquo; May<\/a><\/span>\n\t\t<span class=\"pad\">&nbsp;<\/span>\n\t\t<span class=\"wp-calendar-nav-next\">&nbsp;<\/span>\n\t<\/nav><\/div><\/div><div id=\"panel-342-0-1-4\" class=\"so-panel widget widget_categories panel-last-child\" data-index=\"6\" ><h3 class=\"widget-title\">Categories<\/h3>\n\t\t\t<ul>\n\t\t\t\t\t<li class=\"cat-item cat-item-23\"><a href=\"http:\/\/efgarquitectura.es\/wppam\/?cat=23\">Acci\u00f3n Urbana<\/a>\n<\/li>\n\t<li class=\"cat-item cat-item-13\"><a href=\"http:\/\/efgarquitectura.es\/wppam\/?cat=13\">Actividad<\/a>\n<\/li>\n\t<li class=\"cat-item cat-item-12\"><a href=\"http:\/\/efgarquitectura.es\/wppam\/?cat=12\">Convocatoria<\/a>\n<\/li>\n\t<li class=\"cat-item cat-item-15\"><a href=\"http:\/\/efgarquitectura.es\/wppam\/?cat=15\">Convocatoria Vencida<\/a>\n<\/li>\n\t<li class=\"cat-item cat-item-14\"><a href=\"http:\/\/efgarquitectura.es\/wppam\/?cat=14\">Participaci\u00f3n ciudadana<\/a>\n<\/li>\n\t<li class=\"cat-item cat-item-1\"><a href=\"http:\/\/efgarquitectura.es\/wppam\/?cat=1\">Uncategorized<\/a>\n<\/li>\n\t\t\t<\/ul>\n\n\t\t\t<\/div><\/div><\/div><\/div>","protected":false},"excerpt":{"rendered":"<p>En el blog se recoge nuestra actividad en forma de entradas, convocatorias, conclusiones, acciones, an\u00e1lisis y referencias. Poco a poco se ir\u00e1 construyendo, puedes participar en \u00e9l mediante comentarios o colaborando activamente. Esperemos que sea de utilidad e inter\u00e9s. EFGarquitectura &amp; Equipo_PAM Recent Posts PAM10 Dibuja la PlazaPizarro PAM_PIHE_TEST ESCALA 1:1 Top Posts &amp; Pages [&hellip;]<\/p>\n","protected":false},"author":1,"featured_media":0,"parent":0,"menu_order":0,"comment_status":"closed","ping_status":"closed","template":"templates\/template-full.php","meta":{"spay_email":""},"jetpack_sharing_enabled":true,"jetpack_shortlink":"https:\/\/wp.me\/P5P7xf-5w","_links":{"self":[{"href":"http:\/\/efgarquitectura.es\/wppam\/index.php?rest_route=\/wp\/v2\/pages\/342"}],"collection":[{"href":"http:\/\/efgarquitectura.es\/wppam\/index.php?rest_route=\/wp\/v2\/pages"}],"about":[{"href":"http:\/\/efgarquitectura.es\/wppam\/index.php?rest_route=\/wp\/v2\/types\/page"}],"author":[{"embeddable":true,"href":"http:\/\/efgarquitectura.es\/wppam\/index.php?rest_route=\/wp\/v2\/users\/1"}],"replies":[{"embeddable":true,"href":"http:\/\/efgarquitectura.es\/wppam\/index.php?rest_route=%2Fwp%2Fv2%2Fcomments&post=342"}],"version-history":[{"count":17,"href":"http:\/\/efgarquitectura.es\/wppam\/index.php?rest_route=\/wp\/v2\/pages\/342\/revisions"}],"predecessor-version":[{"id":388,"href":"http:\/\/efgarquitectura.es\/wppam\/index.php?rest_route=\/wp\/v2\/pages\/342\/revisions\/388"}],"wp:attachment":[{"href":"http:\/\/efgarquitectura.es\/wppam\/index.php?rest_route=%2Fwp%2Fv2%2Fmedia&parent=342"}],"curies":[{"name":"wp","href":"https:\/\/api.w.org\/{rel}","templated":true}]}}