{"id":69,"date":"2015-04-10T21:04:54","date_gmt":"2015-04-10T20:04:54","guid":{"rendered":"http:\/\/efgarquitectura.es\/wppam\/?page_id=69"},"modified":"2015-04-10T22:19:17","modified_gmt":"2015-04-10T21:19:17","slug":"la-pam","status":"publish","type":"page","link":"http:\/\/efgarquitectura.es\/wppam\/?page_id=69","title":{"rendered":"La PAM_PIHE"},"content":{"rendered":"<p><a href=\"https:\/\/i1.wp.com\/efgarquitectura.es\/wppam\/wp-content\/uploads\/2015\/04\/compo2wd_r.gif\"><img data-attachment-id=\"70\" data-permalink=\"http:\/\/efgarquitectura.es\/wppam\/?attachment_id=70#main\" data-orig-file=\"https:\/\/i1.wp.com\/efgarquitectura.es\/wppam\/wp-content\/uploads\/2015\/04\/compo2wd_r.gif?fit=300%2C351\" data-orig-size=\"300,351\" data-comments-opened=\"1\" data-image-meta=\"{&quot;aperture&quot;:&quot;0&quot;,&quot;credit&quot;:&quot;&quot;,&quot;camera&quot;:&quot;&quot;,&quot;caption&quot;:&quot;&quot;,&quot;created_timestamp&quot;:&quot;0&quot;,&quot;copyright&quot;:&quot;&quot;,&quot;focal_length&quot;:&quot;0&quot;,&quot;iso&quot;:&quot;0&quot;,&quot;shutter_speed&quot;:&quot;0&quot;,&quot;title&quot;:&quot;&quot;,&quot;orientation&quot;:&quot;0&quot;}\" data-image-title=\"Crossroad2SquareWR\" data-image-description=\"\" data-medium-file=\"https:\/\/i1.wp.com\/efgarquitectura.es\/wppam\/wp-content\/uploads\/2015\/04\/compo2wd_r.gif?fit=256%2C300\" data-large-file=\"https:\/\/i1.wp.com\/efgarquitectura.es\/wppam\/wp-content\/uploads\/2015\/04\/compo2wd_r.gif?fit=300%2C351\" loading=\"lazy\" class=\"aligncenter size-full wp-image-70\" src=\"https:\/\/i1.wp.com\/efgarquitectura.es\/wppam\/wp-content\/uploads\/2015\/04\/compo2wd_r.gif?resize=300%2C351\" alt=\"Crossroad2SquareWR\" width=\"300\" height=\"351\" data-recalc-dims=\"1\" \/><\/a><\/p>\n<p>La <strong>PAM<\/strong>. Proyecto Alternativo de Mejora frente a las &#8220;obras de renovaci\u00f3n de infraestructuras&#8221; municipales de las calles Hern\u00e1n Cort\u00e9s y Pizarro.<\/p>\n<p>En 2014 el Ayuntamiento de Val\u00e8ncia defini\u00f3 las obras de infraestructuras de dos calles del ensanche hist\u00f3rico, evitando as\u00ed la preceptiva participaci\u00f3n p\u00fablica, algunos vecinos nos propusieron hacer algo al respecto, y as\u00ed ideamos la PAM. Una propuesta capaz de alumbrar posibilidades inimaginadas por los t\u00e9cnicos municipales cuyo proyecto no trascend\u00eda la actualizaci\u00f3n de la secci\u00f3n viaria concebida para el autom\u00f3vil. \u00bfplaza o cruce?<\/p>\n<p class=\"paragraph_style_2\"><span style=\"color: #333300;\"><em>Improvement Alternative Project (PAM) Pizarro-Hern\u00e1n Cort\u00e9s St<\/em><\/span><\/p>\n<p class=\"paragraph_style_3\"><span style=\"color: #333300;\"><em>In 2014 Val\u00e8ncia city Council drawn infrastructure editing for this two streets of city center without any public participation, some neighbors asked us for doing something. A proposal that showed the potential not detected by the local traffic engineers whose project didn&#8217;t transcend the renewal of street section thought for cars. Is it a square or a road crossing?<\/em><\/span><\/p>\n<p class=\"paragraph_style_3\">La <strong>PAM<\/strong> es gratuita, s\u00f3lo tienes que pulsar <a title=\"PAM_PIHE Resumen 12Hojas\" href=\"https:\/\/drive.google.com\/file\/d\/0BzmVmRap81imbGZmSloyU0RreDQ\/view?pli=1\" target=\"_blank\">aqu\u00ed<\/a>, accediendo a\u00a0un resumen de 12 p\u00e1ginas, en la \u00faltima tienes la posibilidad de descargar el documento completo.<\/p>\n<p class=\"paragraph_style_3\"><img data-attachment-id=\"73\" data-permalink=\"http:\/\/efgarquitectura.es\/wppam\/?attachment_id=73#main\" data-orig-file=\"https:\/\/i0.wp.com\/efgarquitectura.es\/wppam\/wp-content\/uploads\/2015\/04\/150202-PAM_PIHE_LINEATIEMPO.png?fit=1200%2C539\" data-orig-size=\"1200,539\" data-comments-opened=\"1\" data-image-meta=\"{&quot;aperture&quot;:&quot;0&quot;,&quot;credit&quot;:&quot;&quot;,&quot;camera&quot;:&quot;&quot;,&quot;caption&quot;:&quot;&quot;,&quot;created_timestamp&quot;:&quot;0&quot;,&quot;copyright&quot;:&quot;&quot;,&quot;focal_length&quot;:&quot;0&quot;,&quot;iso&quot;:&quot;0&quot;,&quot;shutter_speed&quot;:&quot;0&quot;,&quot;title&quot;:&quot;&quot;,&quot;orientation&quot;:&quot;0&quot;}\" data-image-title=\"150202 PAM_PIHE_LINEATIEMPO\" data-image-description=\"\" data-medium-file=\"https:\/\/i0.wp.com\/efgarquitectura.es\/wppam\/wp-content\/uploads\/2015\/04\/150202-PAM_PIHE_LINEATIEMPO.png?fit=300%2C135\" data-large-file=\"https:\/\/i0.wp.com\/efgarquitectura.es\/wppam\/wp-content\/uploads\/2015\/04\/150202-PAM_PIHE_LINEATIEMPO.png?fit=720%2C323\" loading=\"lazy\" class=\"aligncenter size-full wp-image-73\" src=\"https:\/\/i0.wp.com\/efgarquitectura.es\/wppam\/wp-content\/uploads\/2015\/04\/150202-PAM_PIHE_LINEATIEMPO.png?resize=720%2C323\" alt=\"150202 PAM_PIHE_LINEATIEMPO\" width=\"720\" height=\"323\" srcset=\"https:\/\/i0.wp.com\/efgarquitectura.es\/wppam\/wp-content\/uploads\/2015\/04\/150202-PAM_PIHE_LINEATIEMPO.png?w=1200 1200w, https:\/\/i0.wp.com\/efgarquitectura.es\/wppam\/wp-content\/uploads\/2015\/04\/150202-PAM_PIHE_LINEATIEMPO.png?resize=300%2C135 300w, https:\/\/i0.wp.com\/efgarquitectura.es\/wppam\/wp-content\/uploads\/2015\/04\/150202-PAM_PIHE_LINEATIEMPO.png?resize=1024%2C460 1024w\" sizes=\"(max-width: 720px) 100vw, 720px\" data-recalc-dims=\"1\" \/><\/p>\n<p class=\"p1\"><span class=\"s1\">En abril de 2014 se publica en prensa que el Ayuntamiento va a remodelar las calles Hern\u00e1n Cort\u00e9s y Pizarro. A partir de este momento como personas afectadas por vivir y trabajar en estas calles tratamos de conocer cual era la naturaleza de las obras. <\/span><\/p>\n<p class=\"p1\"><span class=\"s1\">Tras solicitar informaci\u00f3n al respecto y comunicar al Ayuntamiento nuestro inter\u00e9s en poder participar en el proceso primero a trav\u00e9s de la web y despu\u00e9s v\u00eda instancia. El 19 de septiembre de 2014 pudimos revisar el Proyecto Municipal, ya aprobado, en las dependencias del Ayuntamiento. Solicitando entonces copia del mismo para su valoraci\u00f3n.<\/span><\/p>\n<p class=\"p1\"><span class=\"s1\">Conscientes de las numerosas cuestiones de especial importancia que el proyecto municipal no consideraba y a pesar de no haber recibido la documentaci\u00f3n t\u00e9cnica solicitada, presentamos el 11 de diciembre de 2014 en el Ayuntamiento, por Registro de Entrada, un documento preliminar con una Propuesta Alternativa.<\/span><\/p>\n<p class=\"p1\"><span class=\"s1\">El 9 de enero de 2015 recibimos copia digital del Proyecto Aprobado.<\/span><\/p>\n","protected":false},"excerpt":{"rendered":"<p>La PAM. Proyecto Alternativo de Mejora frente a las &#8220;obras de renovaci\u00f3n de infraestructuras&#8221; municipales de las calles Hern\u00e1n Cort\u00e9s y Pizarro. En 2014 el Ayuntamiento de Val\u00e8ncia defini\u00f3 las obras de infraestructuras de dos calles del ensanche hist\u00f3rico, evitando as\u00ed la preceptiva participaci\u00f3n p\u00fablica, algunos vecinos nos propusieron hacer algo al respecto, y as\u00ed [&hellip;]<\/p>\n","protected":false},"author":1,"featured_media":0,"parent":0,"menu_order":0,"comment_status":"open","ping_status":"open","template":"","meta":{"spay_email":""},"jetpack_sharing_enabled":true,"jetpack_shortlink":"https:\/\/wp.me\/P5P7xf-17","_links":{"self":[{"href":"http:\/\/efgarquitectura.es\/wppam\/index.php?rest_route=\/wp\/v2\/pages\/69"}],"collection":[{"href":"http:\/\/efgarquitectura.es\/wppam\/index.php?rest_route=\/wp\/v2\/pages"}],"about":[{"href":"http:\/\/efgarquitectura.es\/wppam\/index.php?rest_route=\/wp\/v2\/types\/page"}],"author":[{"embeddable":true,"href":"http:\/\/efgarquitectura.es\/wppam\/index.php?rest_route=\/wp\/v2\/users\/1"}],"replies":[{"embeddable":true,"href":"http:\/\/efgarquitectura.es\/wppam\/index.php?rest_route=%2Fwp%2Fv2%2Fcomments&post=69"}],"version-history":[{"count":5,"href":"http:\/\/efgarquitectura.es\/wppam\/index.php?rest_route=\/wp\/v2\/pages\/69\/revisions"}],"predecessor-version":[{"id":81,"href":"http:\/\/efgarquitectura.es\/wppam\/index.php?rest_route=\/wp\/v2\/pages\/69\/revisions\/81"}],"wp:attachment":[{"href":"http:\/\/efgarquitectura.es\/wppam\/index.php?rest_route=%2Fwp%2Fv2%2Fmedia&parent=69"}],"curies":[{"name":"wp","href":"https:\/\/api.w.org\/{rel}","templated":true}]}}